{"id":9498,"date":"2020-08-26T13:06:31","date_gmt":"2020-08-26T13:06:31","guid":{"rendered":"https:\/\/happyandhealthysmiles.com\/why-choose-us\/"},"modified":"2026-04-22T09:27:17","modified_gmt":"2026-04-22T13:27:17","slug":"why-choose-us","status":"publish","type":"page","link":"https:\/\/happyandhealthysmiles.com\/es\/why-choose-us\/","title":{"rendered":"Por qu\u00e9 elegirnos"},"content":{"rendered":"<div id=\"cs-content\" class=\"cs-content\"><div class=\"x-section e9498-e1 m7bu-0 m7bu-1 m7bu-2 m7bu-3 m7bu-a hero_video\"><div class=\"x-bg\"><div class=\"x-bg-layer-lower-img\"><img sizes=\"(max-width: 1300px) 100vw, 1300px\" srcset=\"https:\/\/happyandhealthysmiles.com\/wp-content\/uploads\/sites\/14\/2021\/04\/HDC_WhyChooseHero.jpg 1300w, https:\/\/happyandhealthysmiles.com\/wp-content\/uploads\/sites\/14\/2021\/04\/HDC_WhyChooseHero-300x208.jpg 300w, https:\/\/happyandhealthysmiles.com\/wp-content\/uploads\/sites\/14\/2021\/04\/HDC_WhyChooseHero-1024x709.jpg 1024w, https:\/\/happyandhealthysmiles.com\/wp-content\/uploads\/sites\/14\/2021\/04\/HDC_WhyChooseHero-768x532.jpg 768w, https:\/\/happyandhealthysmiles.com\/wp-content\/uploads\/sites\/14\/2021\/04\/HDC_WhyChooseHero-18x12.jpg 18w, https:\/\/happyandhealthysmiles.com\/wp-content\/uploads\/sites\/14\/2021\/04\/HDC_WhyChooseHero-100x69.jpg 100w\" decoding=\"async\" src=\"\/wp-content\/uploads\/2021\/04\/HDC_WhyChooseHero.jpg\" alt=\"A young girl kisses an elderly man on the cheek at an outdoor family gathering, with other people sitting around a table set with food and drinks in a garden.\"\/><\/div><div class=\"x-bg-layer-upper-color\" aria-hidden=\"true\"><\/div><\/div><div class=\"x-row x-container max width e9498-e2 m7bu-b m7bu-c m7bu-d m7bu-l m7bu-m\"><div class=\"x-row-inner\"><div class=\"x-col e9498-e3 m7bu-t m7bu-u m7bu-v m7bu-w m7bu-x m7bu-y\"><div class=\"x-div e9498-e4 m7bu-16\"><div class=\"x-text x-content e9498-e5 m7bu-17 m7bu-18 m7bu-19 m7bu-1a m7bu-1b m7bu-1c m7bu-1d m7bu-1e m7bu-1f\"><p class=\"p9px txt_white\">Se Habla Espa\u00f1ol<\/p><\/div><div class=\"x-text x-content e9498-e6 m7bu-17 m7bu-18 m7bu-19 m7bu-1a m7bu-1b m7bu-1c m7bu-1d m7bu-1e m7bu-1f\"><p class=\"p9px txt_white\">Citas de urgencia disponibles<\/p><\/div><\/div><div class=\"x-text x-content e9498-e7 m7bu-17 m7bu-18 m7bu-1a m7bu-1c m7bu-1d m7bu-1f m7bu-1g\"><a class=\"x-image\" href=\"\/es\/homepage\/\" style=\"outline: none;\"><img sizes=\"(max-width: 960px) 100vw, 960px\" srcset=\"https:\/\/happyandhealthysmiles.com\/wp-content\/uploads\/sites\/14\/2025\/09\/GPI-0128-001_OPD_White_960x328.png 960w, https:\/\/happyandhealthysmiles.com\/wp-content\/uploads\/sites\/14\/2025\/09\/GPI-0128-001_OPD_White_960x328-300x103.png 300w, https:\/\/happyandhealthysmiles.com\/wp-content\/uploads\/sites\/14\/2025\/09\/GPI-0128-001_OPD_White_960x328-768x262.png 768w, https:\/\/happyandhealthysmiles.com\/wp-content\/uploads\/sites\/14\/2025\/09\/GPI-0128-001_OPD_White_960x328-18x6.png 18w, https:\/\/happyandhealthysmiles.com\/wp-content\/uploads\/sites\/14\/2025\/09\/GPI-0128-001_OPD_White_960x328-100x34.png 100w\" decoding=\"async\" src=\"https:\/\/happyandhealthysmiles.com\/wp-content\/uploads\/sites\/14\/2025\/09\/GPI-0128-001_OPD_White_960x328.png\" width=\"480\" height=\"160\" alt=\"Orange Park Dentistry Logo\" loading=\"lazy\"><\/a><\/div><\/div><\/div><\/div><div class=\"x-row x-container max width e9498-e8 m7bu-b m7bu-d m7bu-e m7bu-l m7bu-n\"><div class=\"x-row-inner\"><div class=\"x-col e9498-e9 m7bu-t m7bu-v m7bu-x m7bu-y m7bu-z m7bu-10\"><div class=\"x-text x-content e9498-e10 m7bu-17 m7bu-18 m7bu-1a m7bu-1c m7bu-1d m7bu-1e m7bu-1h m7bu-1i\"><h1 class=\"txt_white\">\u00bfPor qu\u00e9 elegirnos?<\/h1><\/div><\/div><\/div><\/div><\/div><div class=\"x-section e9498-e11 m7bu-0 m7bu-2 m7bu-4 m7bu-5 m7bu-6\" style=\"--tco-dc7bu-1:rgba(169, 168, 159, 0.1);--tco-dc7bu-4:rgba(169, 168, 159, 0.1);\"><div class=\"x-row x-container max width e9498-e12 m7bu-b m7bu-d m7bu-f m7bu-g m7bu-l m7bu-o\" style=\"--tco-dc7bu-7:rgb(255, 255, 255);--tco-dc7bu-a:rgb(255, 255, 255);--tco-dc7bu-d:rgb(255, 255, 255);\"><div class=\"x-row-inner\"><div class=\"x-col e9498-e13 m7bu-t m7bu-u m7bu-x m7bu-y m7bu-11 m7bu-12\"><div class=\"x-text x-content e9498-e14 m7bu-17 m7bu-18 m7bu-1h m7bu-1j m7bu-1k m7bu-1l m7bu-1m m7bu-1n m7bu-1o\"><h2>En Orange Park Dentistry, hacemos todo lo posible para que se sienta como en casa.<\/h2><\/div><div class=\"x-text x-content e9498-e15 m7bu-17 m7bu-18 m7bu-19 m7bu-1j m7bu-1l m7bu-1m m7bu-1n m7bu-1o m7bu-1p\"><p class=\"pdefault\">Nuestro amable equipo dental ofrece c\u00f3modo, centrado en el paciente cuidado dental de la familia en Orange Park, Florida.<\/p>\n<p class=\"pdefault\">Como uno de los dentistas mejor valorados cerca de usted en Orange Park, respaldamos nuestra reputaci\u00f3n para proporcionar el mejor cuidado dental. \u00a1Vea lo que sus amigos y vecinos dicen de nosotros!<\/p><\/div><\/div><div class=\"x-col e9498-e16 m7bu-t m7bu-v m7bu-x m7bu-z m7bu-13\"><div class=\"x-bg\"><div class=\"x-bg-layer-lower-img\"><img sizes=\"(max-width: 900px) 100vw, 900px\" srcset=\"https:\/\/happyandhealthysmiles.com\/wp-content\/uploads\/sites\/14\/2021\/12\/master_spl_WhyChoose.jpg 900w, https:\/\/happyandhealthysmiles.com\/wp-content\/uploads\/sites\/14\/2021\/12\/master_spl_WhyChoose-300x300.jpg 300w, https:\/\/happyandhealthysmiles.com\/wp-content\/uploads\/sites\/14\/2021\/12\/master_spl_WhyChoose-150x150.jpg 150w, https:\/\/happyandhealthysmiles.com\/wp-content\/uploads\/sites\/14\/2021\/12\/master_spl_WhyChoose-768x768.jpg 768w, https:\/\/happyandhealthysmiles.com\/wp-content\/uploads\/sites\/14\/2021\/12\/master_spl_WhyChoose-12x12.jpg 12w, https:\/\/happyandhealthysmiles.com\/wp-content\/uploads\/sites\/14\/2021\/12\/master_spl_WhyChoose-100x100.jpg 100w\" decoding=\"async\" src=\"\/wp-content\/uploads\/2021\/12\/master_spl_WhyChoose.jpg\" alt=\"A smiling young child with curly hair is held up playfully by an adult with a beard in a bright, sunlit room. The child has arms outstretched and looks happy.\"\/><\/div><\/div><\/div><\/div><\/div><\/div><div class=\"x-section e9498-e17 m7bu-0 m7bu-2 m7bu-4 m7bu-6 m7bu-7\" style=\"--tco-dc7bu-g:rgba(169, 168, 159, 0.1);--tco-dc7bu-j:rgba(169, 168, 159, 0.1);\"><div class=\"x-row x-container max width e9498-e18 m7bu-b m7bu-d m7bu-f m7bu-h m7bu-l m7bu-p\" style=\"--tco-dc7bu-m:rgb(255, 255, 255);--tco-dc7bu-p:rgb(255, 255, 255);\"><div class=\"x-row-inner\"><div class=\"x-col e9498-e19 m7bu-t m7bu-u m7bu-x m7bu-y m7bu-11 m7bu-12 m7bu-14\"><div class=\"x-text x-content e9498-e20 m7bu-17 m7bu-18 m7bu-1a m7bu-1d m7bu-1f m7bu-1h m7bu-1k m7bu-1l m7bu-1n\"><h2>Orange Park Odontolog\u00eda Testimonios de Pacientes<\/h2><\/div><div class=\"x-text x-content e9498-e21 m7bu-17 m7bu-18 m7bu-19 m7bu-1d m7bu-1j m7bu-1l m7bu-1o m7bu-1p\"><p class=\"pdefault\">El Dr. Park y el personal de Orange Park Odontolog\u00eda encanta ayudar a nuestros pacientes con sus sonrisas. Te invitamos a leer algunos de nuestros testimonios de pacientes brillantes.<\/p>\n<p class=\"pdefault\">Su opini\u00f3n es importante para nosotros y la utilizamos para seguir ofreciendo a todos nuestros pacientes una experiencia dental de alta calidad.<\/p>\n<p class=\"pdefault\"><a href=\"\/es\/review\/\" target=\"_blank\" rel=\"noopener\">D\u00e9janos un comentario<\/a><\/p><\/div><div class=\"x-text x-content e9498-e22 m7bu-17 m7bu-1d m7bu-1j m7bu-1l m7bu-1o m7bu-1q\"><div data-src=\"https:\/\/cdn.trustindex.io\/loader.js?d6215ea7619d214b755243516a\"><\/div><\/div><\/div><\/div><\/div><\/div><div class=\"x-section e9498-e23 m7bu-0 m7bu-4 m7bu-8\" style=\"--tco-dc7bu-s:rgba(169, 168, 159, 0.1);--tco-dc7bu-v:rgba(169, 168, 159, 0.1);\"><div class=\"x-row x-container max width e9498-e24 m7bu-b m7bu-d m7bu-f m7bu-i m7bu-l m7bu-q\" style=\"--tco-dc7bu-y:rgb(255, 255, 255);--tco-dc7bu-11:rgb(255, 255, 255);\"><div class=\"x-row-inner\"><div class=\"x-col e9498-e25 m7bu-t m7bu-u m7bu-x m7bu-y m7bu-11 m7bu-12 m7bu-15\"><div class=\"x-text x-content e9498-e26 m7bu-17 m7bu-18 m7bu-1a m7bu-1d m7bu-1f m7bu-1h m7bu-1k m7bu-1l m7bu-1n\"><h3 style=\"text-align: center\">Nuestra promesa al paciente<\/h3><\/div><div class=\"x-text x-content e9498-e27 m7bu-17 m7bu-18 m7bu-19 m7bu-1a m7bu-1d m7bu-1f m7bu-1l m7bu-1n m7bu-1p\"><p><p class=\"pdefault\">Aqu\u00ed en Orange Park Odontolog\u00eda, vemos miles de pacientes cada a\u00f1o, y sabemos la importancia de encontrar un consultorio dental que usted puede confiar.<\/p>\r\n<p class=\"pdefault\"><b>Por cada visita a nuestra oficina, prometemos:<\/b><\/p>\r\n<ul>\r\n<li>Escuchar y respetar sus deseos y necesidades.<\/li>\r\n<li>Ponerle a usted en primer lugar a la hora de tomar decisiones de tratamiento, teniendo en cuenta sus objetivos y deseos dentales.<\/li>\r\n<li>Para mantenerle seguro y sano. Cumplimos todas las normas OSHA (Occupational Safety and Health Administration) y CDC (Center for Disease Control).<\/li>\r\n<li>Proporcionarle una atenci\u00f3n dental asequible, de alta calidad y oportuna.<\/li>\r\n<li>Proporcionar atenci\u00f3n odontol\u00f3gica sin prejuicios. Tratamos a todos por igual, independientemente de su raza, credo, religi\u00f3n, situaci\u00f3n socioecon\u00f3mica, etnia o estado de salud actual.<\/li>\r\n<li>Crear una relaci\u00f3n basada en la confianza y la honestidad.<\/li> \r\n<\/ul><\/p>\r\n<p class=\"pdefault\"><strong>El dentista y el personal de Orange Park Dentistry<\/strong> tratarte como de la familia en un ambiente honesto, seguro y compasivo.<\/p><br \/>\n<br \/>\n<\/p><\/div><\/div><\/div><\/div><div class=\"x-row x-container max width e9498-e28 m7bu-b m7bu-d m7bu-f m7bu-j m7bu-l m7bu-r\" style=\"--tco-dc7bu-14:rgb(39, 72, 122);--tco-dc7bu-17:rgb(39, 72, 122);\"><div class=\"x-row-inner\"><div class=\"x-col e9498-e29 m7bu-t m7bu-v m7bu-x m7bu-y m7bu-z m7bu-12\"><div class=\"x-text x-content e9498-e30 m7bu-17 m7bu-18 m7bu-19 m7bu-1e m7bu-1j m7bu-1l m7bu-1m m7bu-1p m7bu-1r\"><h3 class=\"txt_white\">Nuestro objetivo es que se vaya tan satisfecho con su experiencia<\/h3>\r\n<p class=\"pdefault txt_white\">que te sientas inspirado para escribir una rese\u00f1a positiva y recomendar a tus amigos y familiares.<\/p><\/div><\/div><\/div><\/div><\/div><div class=\"x-section e9498-e31 m7bu-0 m7bu-1 m7bu-2 m7bu-9\"><div class=\"x-row e9498-e32 m7bu-b m7bu-k m7bu-l m7bu-s\"><div class=\"x-row-inner\"><div class=\"x-col e9498-e33 m7bu-x m7bu-y\"><div class=\"cs-content x-global-block x-global-block-9505 e9505-e0\"><div class=\"x-section e9505-e2 m7c1-0\" style=\"--tco-dc7c1-1:rgb(255, 255, 255);--tco-dc7c1-4:rgb(255, 255, 255);\"><div class=\"x-row x-container max width e9505-e3 m7c1-1 m7c1-2 m7c1-3\"><div class=\"x-row-inner\"><div class=\"x-col e9505-e4 m7c1-5 m7c1-6 m7c1-7\"><div class=\"x-text x-content e9505-e5 m7c1-a m7c1-b\"><h2>Opciones de pago flexibles<\/h2>\n<h3>Para una atenci\u00f3n dental de alta calidad en Orange Park<\/h3><\/div><div class=\"x-text x-content e9505-e6 m7c1-a m7c1-c\"><p class=\"pdefault\">Para su comodidad, Orange Park Odontolog\u00eda acepta:<\/p>\n\n<ul>\n \t<li class=\"pdefault\">Una amplia gama de planes de seguro dental PPO -<span>\u00a0<\/span><a href=\"\/es\/insurances-we-accept\/\" target=\"_self\"><b>pulse aqu\u00ed<\/b> para ver qu\u00e9 seguros aceptamos<\/a><\/li>\n \t<li class=\"pdefault\">Plan interno de descuentos y ofertas especiales para pacientes sin seguro m\u00e9dico<\/li>\n \t<li class=\"pdefault\">Efectivo y cheque<\/li>\n \t<li class=\"pdefault\">Todas las principales tarjetas de cr\u00e9dito, incluidas MasterCard, VISA, Discover, American Express, etc.<\/li>\n<\/ul>\n<p class=\"pdefault\"><b>NO aceptamos planes HMO ni Medicaid.<\/b><\/p><\/div><\/div><div class=\"x-col e9505-e7 m7c1-5 m7c1-8 m7c1-9\"><a class=\"x-image e9505-e8 m7c1-e\" href=\"https:\/\/apply.sunbit.com\/OrangeParkDentistry\" target=\"_blank\" rel=\"noopener noreferrer\"><img decoding=\"async\" src=\"https:\/\/happyandhealthysmiles.com\/wp-content\/uploads\/sites\/14\/2025\/11\/Dntl_Web_600x500-1.png\" srcset=\"https:\/\/happyandhealthysmiles.com\/wp-content\/uploads\/sites\/14\/2025\/11\/Dntl_Web_600x500-1.png 600w, https:\/\/happyandhealthysmiles.com\/wp-content\/uploads\/sites\/14\/2025\/11\/Dntl_Web_600x500-1-300x250.png 300w, https:\/\/happyandhealthysmiles.com\/wp-content\/uploads\/sites\/14\/2025\/11\/Dntl_Web_600x500-1-14x12.png 14w, https:\/\/happyandhealthysmiles.com\/wp-content\/uploads\/sites\/14\/2025\/11\/Dntl_Web_600x500-1-100x83.png 100w\" sizes=\"(max-width: 600px) 100vw, 600px\" alt=\"Smile now, Pay-over-time with sunbit\"><\/a><\/div><\/div><\/div><\/div><\/div><\/div><\/div><\/div><\/div><\/div>","protected":false},"excerpt":{"rendered":"<p>Dentista con experiencia, altamente revisado para todas las necesidades en Orange Park, FL. Cont\u00e1ctenos al 904-272-2438.<\/p>","protected":false},"author":2,"featured_media":0,"parent":0,"menu_order":0,"comment_status":"closed","ping_status":"closed","template":"template-blank-4.php","meta":{"footnotes":""},"class_list":["post-9498","page","type-page","status-publish","hentry","no-post-thumbnail"],"aioseo_notices":[],"aioseo_head":"\n\t\t<!-- All in One SEO Pro 4.9.6.2 - aioseo.com -->\n\t<meta name=\"description\" content=\"Experienced, highly-reviewed dentist for all needs in Orange Park, FL. Contact us at 904-272-2438.\" \/>\n\t<meta name=\"robots\" content=\"max-image-preview:large\" \/>\n\t<link rel=\"canonical\" href=\"https:\/\/happyandhealthysmiles.com\/es\/why-choose-us\/\" \/>\n\t<meta name=\"generator\" content=\"All in One SEO Pro (AIOSEO) 4.9.6.2\" \/>\n\t\t<meta property=\"og:locale\" content=\"es_ES\" \/>\n\t\t<meta property=\"og:site_name\" content=\"Orange Park Dentistry - Experienced, highly-reviewed dentist near me for all your dental needs in Orange Park, Florida. Contact Orange Park Dentistry at 904-272-2438 to schedule an appointment today!\" \/>\n\t\t<meta property=\"og:type\" content=\"article\" \/>\n\t\t<meta property=\"og:title\" content=\"Why Choose Us - Orange Park Dentistry - Orange Park Dentist Near You\" \/>\n\t\t<meta property=\"og:description\" content=\"Experienced, highly-reviewed dentist for all needs in Orange Park, FL. Contact us at 904-272-2438.\" \/>\n\t\t<meta property=\"og:url\" content=\"https:\/\/happyandhealthysmiles.com\/es\/why-choose-us\/\" \/>\n\t\t<meta property=\"og:image\" content=\"https:\/\/happyandhealthysmiles.com\/wp-content\/uploads\/sites\/14\/2023\/11\/OPD.jpg\" \/>\n\t\t<meta property=\"og:image:secure_url\" content=\"https:\/\/happyandhealthysmiles.com\/wp-content\/uploads\/sites\/14\/2023\/11\/OPD.jpg\" \/>\n\t\t<meta property=\"og:image:width\" content=\"1200\" \/>\n\t\t<meta property=\"og:image:height\" content=\"630\" \/>\n\t\t<meta property=\"article:published_time\" content=\"2020-08-26T13:06:31+00:00\" \/>\n\t\t<meta property=\"article:modified_time\" content=\"2026-04-22T13:27:17+00:00\" \/>\n\t\t<meta name=\"twitter:card\" content=\"summary\" \/>\n\t\t<meta name=\"twitter:title\" content=\"Why Choose Us - Orange Park Dentistry - Orange Park Dentist Near You\" \/>\n\t\t<meta name=\"twitter:description\" content=\"Experienced, highly-reviewed dentist for all needs in Orange Park, FL. Contact us at 904-272-2438.\" \/>\n\t\t<meta name=\"twitter:image\" content=\"https:\/\/happyandhealthysmiles.com\/wp-content\/uploads\/sites\/14\/2023\/11\/OPD.jpg\" \/>\n\t\t<script type=\"application\/ld+json\" class=\"aioseo-schema\">\n\t\t\t{\"@context\":\"https:\\\/\\\/schema.org\",\"@graph\":[{\"@type\":\"BreadcrumbList\",\"@id\":\"https:\\\/\\\/happyandhealthysmiles.com\\\/es\\\/why-choose-us\\\/#breadcrumblist\",\"itemListElement\":[{\"@type\":\"ListItem\",\"@id\":\"https:\\\/\\\/happyandhealthysmiles.com\\\/es#listItem\",\"position\":1,\"name\":\"Home\",\"item\":\"https:\\\/\\\/happyandhealthysmiles.com\\\/es\",\"nextItem\":{\"@type\":\"ListItem\",\"@id\":\"https:\\\/\\\/happyandhealthysmiles.com\\\/es\\\/why-choose-us\\\/#listItem\",\"name\":\"Why Choose Us\"}},{\"@type\":\"ListItem\",\"@id\":\"https:\\\/\\\/happyandhealthysmiles.com\\\/es\\\/why-choose-us\\\/#listItem\",\"position\":2,\"name\":\"Why Choose Us\",\"previousItem\":{\"@type\":\"ListItem\",\"@id\":\"https:\\\/\\\/happyandhealthysmiles.com\\\/es#listItem\",\"name\":\"Home\"}}]},{\"@type\":\"Organization\",\"@id\":\"https:\\\/\\\/happyandhealthysmiles.com\\\/es\\\/#organization\",\"name\":\"Orange Park Dentistry\",\"description\":\"Experienced, highly-reviewed dentist near me for all your dental needs in Orange Park, Florida. Contact Orange Park Dentistry at 904-272-2438 to schedule an appointment today!\",\"url\":\"https:\\\/\\\/happyandhealthysmiles.com\\\/es\\\/\",\"email\":\"contact@happyandhealthysmiles.com\",\"telephone\":\"+19042722438\",\"logo\":{\"@type\":\"ImageObject\",\"url\":\"https:\\\/\\\/master.operationdental.com\\\/wp-content\\\/uploads\\\/2022\\\/04\\\/VDOP_Logo_Full-Color750w.png\",\"@id\":\"https:\\\/\\\/happyandhealthysmiles.com\\\/es\\\/why-choose-us\\\/#organizationLogo\"},\"image\":{\"@id\":\"https:\\\/\\\/happyandhealthysmiles.com\\\/es\\\/why-choose-us\\\/#organizationLogo\"},\"address\":{\"@id\":\"https:\\\/\\\/happyandhealthysmiles.com\\\/es\\\/#postaladdress\",\"@type\":\"PostalAddress\",\"streetAddress\":\"784 Blanding Blvd #110,\",\"postalCode\":\"32065\",\"addressLocality\":\"Orange Park\",\"addressRegion\":\"Florida\",\"addressCountry\":\"US\"}},{\"@type\":\"WebPage\",\"@id\":\"https:\\\/\\\/happyandhealthysmiles.com\\\/es\\\/why-choose-us\\\/#webpage\",\"url\":\"https:\\\/\\\/happyandhealthysmiles.com\\\/es\\\/why-choose-us\\\/\",\"name\":\"Why Choose Us - Orange Park Dentistry - Orange Park Dentist Near You\",\"description\":\"Experienced, highly-reviewed dentist for all needs in Orange Park, FL. Contact us at 904-272-2438.\",\"inLanguage\":\"es-ES\",\"isPartOf\":{\"@id\":\"https:\\\/\\\/happyandhealthysmiles.com\\\/es\\\/#website\"},\"breadcrumb\":{\"@id\":\"https:\\\/\\\/happyandhealthysmiles.com\\\/es\\\/why-choose-us\\\/#breadcrumblist\"},\"datePublished\":\"2020-08-26T13:06:31-04:00\",\"dateModified\":\"2026-04-22T09:27:17-04:00\"},{\"@type\":\"WebSite\",\"@id\":\"https:\\\/\\\/happyandhealthysmiles.com\\\/es\\\/#website\",\"url\":\"https:\\\/\\\/happyandhealthysmiles.com\\\/es\\\/\",\"name\":\"Orange Park Dentistry\",\"description\":\"Experienced, highly-reviewed dentist near me for all your dental needs in Orange Park, Florida. Contact Orange Park Dentistry at 904-272-2438 to schedule an appointment today!\",\"inLanguage\":\"es-ES\",\"publisher\":{\"@id\":\"https:\\\/\\\/happyandhealthysmiles.com\\\/es\\\/#organization\"}}]}\n\t\t<\/script>\n\t\t<!-- All in One SEO Pro -->\r\n\t\t<title>Why Choose Us - Orange Park Dentistry - Orange Park Dentist Near You<\/title>\n\n","aioseo_head_json":{"title":"Por qu\u00e9 elegirnos - Orange Park Dentistry - Dentista en Orange Park cerca de usted","description":"Dentista con experiencia, altamente revisado para todas las necesidades en Orange Park, FL. Cont\u00e1ctenos al 904-272-2438.","canonical_url":"https:\/\/happyandhealthysmiles.com\/es\/why-choose-us\/","robots":"max-image-preview:large","keywords":"","webmasterTools":{"miscellaneous":""},"schema":{"@context":"https:\/\/schema.org","@graph":[{"@type":"BreadcrumbList","@id":"https:\/\/happyandhealthysmiles.com\/es\/why-choose-us\/#breadcrumblist","itemListElement":[{"@type":"ListItem","@id":"https:\/\/happyandhealthysmiles.com\/es#listItem","position":1,"name":"Home","item":"https:\/\/happyandhealthysmiles.com\/es","nextItem":{"@type":"ListItem","@id":"https:\/\/happyandhealthysmiles.com\/es\/why-choose-us\/#listItem","name":"Why Choose Us"}},{"@type":"ListItem","@id":"https:\/\/happyandhealthysmiles.com\/es\/why-choose-us\/#listItem","position":2,"name":"Why Choose Us","previousItem":{"@type":"ListItem","@id":"https:\/\/happyandhealthysmiles.com\/es#listItem","name":"Home"}}]},{"@type":"Organization","@id":"https:\/\/happyandhealthysmiles.com\/es\/#organization","name":"Orange Park Dentistry","description":"Experienced, highly-reviewed dentist near me for all your dental needs in Orange Park, Florida. Contact Orange Park Dentistry at 904-272-2438 to schedule an appointment today!","url":"https:\/\/happyandhealthysmiles.com\/es\/","email":"contact@happyandhealthysmiles.com","telephone":"+19042722438","logo":{"@type":"ImageObject","url":"https:\/\/master.operationdental.com\/wp-content\/uploads\/2022\/04\/VDOP_Logo_Full-Color750w.png","@id":"https:\/\/happyandhealthysmiles.com\/es\/why-choose-us\/#organizationLogo"},"image":{"@id":"https:\/\/happyandhealthysmiles.com\/es\/why-choose-us\/#organizationLogo"},"address":{"@id":"https:\/\/happyandhealthysmiles.com\/es\/#postaladdress","@type":"PostalAddress","streetAddress":"784 Blanding Blvd #110,","postalCode":"32065","addressLocality":"Orange Park","addressRegion":"Florida","addressCountry":"US"}},{"@type":"WebPage","@id":"https:\/\/happyandhealthysmiles.com\/es\/why-choose-us\/#webpage","url":"https:\/\/happyandhealthysmiles.com\/es\/why-choose-us\/","name":"Why Choose Us - Orange Park Dentistry - Orange Park Dentist Near You","description":"Experienced, highly-reviewed dentist for all needs in Orange Park, FL. Contact us at 904-272-2438.","inLanguage":"es-ES","isPartOf":{"@id":"https:\/\/happyandhealthysmiles.com\/es\/#website"},"breadcrumb":{"@id":"https:\/\/happyandhealthysmiles.com\/es\/why-choose-us\/#breadcrumblist"},"datePublished":"2020-08-26T13:06:31-04:00","dateModified":"2026-04-22T09:27:17-04:00"},{"@type":"WebSite","@id":"https:\/\/happyandhealthysmiles.com\/es\/#website","url":"https:\/\/happyandhealthysmiles.com\/es\/","name":"Orange Park Dentistry","description":"Experienced, highly-reviewed dentist near me for all your dental needs in Orange Park, Florida. Contact Orange Park Dentistry at 904-272-2438 to schedule an appointment today!","inLanguage":"es-ES","publisher":{"@id":"https:\/\/happyandhealthysmiles.com\/es\/#organization"}}]},"og:locale":"es_ES","og:site_name":"Orange Park Dentistry - Experienced, highly-reviewed dentist near me for all your dental needs in Orange Park, Florida. Contact Orange Park Dentistry at 904-272-2438 to schedule an appointment today!","og:type":"article","og:title":"Why Choose Us - Orange Park Dentistry - Orange Park Dentist Near You","og:description":"Experienced, highly-reviewed dentist for all needs in Orange Park, FL. Contact us at 904-272-2438.","og:url":"https:\/\/happyandhealthysmiles.com\/es\/why-choose-us\/","og:image":"https:\/\/happyandhealthysmiles.com\/wp-content\/uploads\/sites\/14\/2023\/11\/OPD.jpg","og:image:secure_url":"https:\/\/happyandhealthysmiles.com\/wp-content\/uploads\/sites\/14\/2023\/11\/OPD.jpg","og:image:width":1200,"og:image:height":630,"article:published_time":"2020-08-26T13:06:31+00:00","article:modified_time":"2026-04-22T13:27:17+00:00","twitter:card":"summary","twitter:title":"Why Choose Us - Orange Park Dentistry - Orange Park Dentist Near You","twitter:description":"Experienced, highly-reviewed dentist for all needs in Orange Park, FL. Contact us at 904-272-2438.","twitter:image":"https:\/\/happyandhealthysmiles.com\/wp-content\/uploads\/sites\/14\/2023\/11\/OPD.jpg"},"aioseo_meta_data":{"post_id":"9498","title":null,"description":null,"keywords":null,"keyphrases":null,"primary_term":null,"canonical_url":null,"og_title":null,"og_description":null,"og_object_type":"default","og_image_type":"default","og_image_url":null,"og_image_width":null,"og_image_height":null,"og_image_custom_url":null,"og_image_custom_fields":null,"og_video":null,"og_custom_url":null,"og_article_section":null,"og_article_tags":null,"twitter_use_og":false,"twitter_card":"default","twitter_image_type":"default","twitter_image_url":null,"twitter_image_custom_url":null,"twitter_image_custom_fields":null,"twitter_title":null,"twitter_description":null,"schema":{"blockGraphs":[],"customGraphs":[],"default":{"data":{"Article":[],"Course":[],"Dataset":[],"FAQPage":[],"Movie":[],"Person":[],"Product":[],"ProductReview":[],"Car":[],"Recipe":[],"Service":[],"SoftwareApplication":[],"WebPage":[]},"graphName":"","isEnabled":true},"graphs":[]},"schema_type":"default","schema_type_options":null,"pillar_content":false,"robots_default":true,"robots_noindex":false,"robots_noarchive":false,"robots_nosnippet":false,"robots_nofollow":false,"robots_noimageindex":false,"robots_noodp":false,"robots_notranslate":false,"robots_max_snippet":null,"robots_max_videopreview":null,"robots_max_imagepreview":"large","priority":null,"frequency":null,"local_seo":null,"seo_analyzer_scan_date":"2026-04-22 14:02:05","breadcrumb_settings":null,"limit_modified_date":false,"reviewed_by":null,"open_ai":null,"ai":null,"created":"2023-10-18 17:08:23","updated":"2026-04-22 14:02:05"},"aioseo_breadcrumb":"<div class=\"aioseo-breadcrumbs\"><span class=\"aioseo-breadcrumb\">\n\t<a href=\"https:\/\/happyandhealthysmiles.com\/es\" title=\"Home\">Home<\/a>\n<\/span><span class=\"aioseo-breadcrumb-separator\">\u00bb<\/span><span class=\"aioseo-breadcrumb\">\n\tWhy Choose Us\n<\/span><\/div>","aioseo_breadcrumb_json":[{"label":"Home","link":"https:\/\/happyandhealthysmiles.com\/es"},{"label":"Why Choose Us","link":"https:\/\/happyandhealthysmiles.com\/es\/why-choose-us\/"}],"_links":{"self":[{"href":"https:\/\/happyandhealthysmiles.com\/es\/wp-json\/wp\/v2\/pages\/9498","targetHints":{"allow":["GET"]}}],"collection":[{"href":"https:\/\/happyandhealthysmiles.com\/es\/wp-json\/wp\/v2\/pages"}],"about":[{"href":"https:\/\/happyandhealthysmiles.com\/es\/wp-json\/wp\/v2\/types\/page"}],"author":[{"embeddable":true,"href":"https:\/\/happyandhealthysmiles.com\/es\/wp-json\/wp\/v2\/users\/2"}],"replies":[{"embeddable":true,"href":"https:\/\/happyandhealthysmiles.com\/es\/wp-json\/wp\/v2\/comments?post=9498"}],"version-history":[{"count":0,"href":"https:\/\/happyandhealthysmiles.com\/es\/wp-json\/wp\/v2\/pages\/9498\/revisions"}],"wp:attachment":[{"href":"https:\/\/happyandhealthysmiles.com\/es\/wp-json\/wp\/v2\/media?parent=9498"}],"curies":[{"name":"wp","href":"https:\/\/api.w.org\/{rel}","templated":true}]}}